{"id":8,"date":"2025-09-08T18:03:54","date_gmt":"2025-09-08T18:03:54","guid":{"rendered":"https:\/\/molcsinamassage.hu\/?page_id=8"},"modified":"2025-09-12T14:38:43","modified_gmt":"2025-09-12T14:38:43","slug":"fooldal","status":"publish","type":"page","link":"https:\/\/molcsinamassage.hu\/","title":{"rendered":"F\u0151oldal"},"content":{"rendered":"<p>[et_pb_section fb_built=&#8221;1&#8243; admin_label=&#8221;Header&#8221; _builder_version=&#8221;4.27.4&#8243; _module_preset=&#8221;81eeec1a-ed6e-443b-8cf5-1821dacd7cff&#8221; background_image=&#8221;https:\/\/molcsinamassage.hu\/wp-content\/uploads\/2025\/09\/pexels-olly-3757952-scaled.jpg&#8221; parallax=&#8221;on&#8221; custom_padding=&#8221;2vw||||false|false&#8221; collapsed=&#8221;on&#8221; global_colors_info=&#8221;{}&#8221;][et_pb_row _builder_version=&#8221;4.27.4&#8243; _module_preset=&#8221;default&#8221; global_colors_info=&#8221;{}&#8221;][et_pb_column type=&#8221;4_4&#8243; _builder_version=&#8221;4.27.4&#8243; _module_preset=&#8221;default&#8221; global_colors_info=&#8221;{}&#8221;][et_pb_heading title=&#8221;Molcsina Massage&#8221; _builder_version=&#8221;4.27.4&#8243; _module_preset=&#8221;4094f326-9c18-403c-ba8b-bd63ceb0333d&#8221; title_text_align=&#8221;center&#8221; title_text_color=&#8221;#FFFFFF&#8221; title_font_size=&#8221;59px&#8221; custom_margin=&#8221;||10px||false|false&#8221; global_colors_info=&#8221;{}&#8221;][\/et_pb_heading][et_pb_image src=&#8221;https:\/\/molcsinamassage.hu\/wp-content\/uploads\/2025\/09\/hair-salon-illuistration-02.png&#8221; title_text=&#8221;hair-salon-illuistration-02&#8243; _builder_version=&#8221;4.27.4&#8243; _module_preset=&#8221;default&#8221; max_width=&#8221;110px&#8221; module_alignment=&#8221;center&#8221; locked=&#8221;off&#8221; global_colors_info=&#8221;{}&#8221;][\/et_pb_image][et_pb_text _builder_version=&#8221;4.27.4&#8243; _module_preset=&#8221;4b16c690-7051-4d90-a16e-5b269ae769b7&#8243; text_orientation=&#8221;center&#8221; max_width=&#8221;700px&#8221; module_alignment=&#8221;center&#8221; global_colors_info=&#8221;{}&#8221;]<\/p>\n<p><span style=\"font-size: large;\">Ha olyan helyet keresel, ahol\u00a0<strong>minden r\u00f3lad sz\u00f3l<\/strong>, ahol teljes figyelmet, nyugalmat \u00e9s szak\u00e9rtelmet kapsz, akkor j\u00f3 helyen j\u00e1rsz.<\/span><\/p>\n<p><span style=\"font-size: large;\"><b><\/b><\/span><\/p>\n<p>[\/et_pb_text][et_pb_button button_url=&#8221;https:\/\/molcsinamassage.hu\/index.php\/szolgaltatasok-es-arak\/&#8221; button_text=&#8221;\u00c1RLISTA&#8221; button_alignment=&#8221;center&#8221; _builder_version=&#8221;4.27.4&#8243; _module_preset=&#8221;314f25f0-cdb8-46f8-9b13-c1cfdf45e4ef&#8221; button_text_color=&#8221;gcid-secondary-color&#8221; button_bg_color=&#8221;gcid-primary-color&#8221; global_colors_info=&#8221;{%22gcid-secondary-color%22:%91%22button_text_color%22%93,%22gcid-primary-color%22:%91%22button_bg_color%22%93}&#8221;][\/et_pb_button][\/et_pb_column][\/et_pb_row][\/et_pb_section][et_pb_section fb_built=&#8221;1&#8243; admin_label=&#8221;Call to Action&#8221; _builder_version=&#8221;4.27.4&#8243; _module_preset=&#8221;2ae78ffd-9709-4c8e-a3e2-d6b3e669b046&#8243; custom_padding=&#8221;0px||0px||true|false&#8221; collapsed=&#8221;on&#8221; global_colors_info=&#8221;{}&#8221;][et_pb_row column_structure=&#8221;2_3,1_3&#8243; make_equal=&#8221;on&#8221; _builder_version=&#8221;4.27.4&#8243; _module_preset=&#8221;default&#8221; custom_padding=&#8221;0px||0px||true|false&#8221; box_shadow_style=&#8221;preset4&#8243; box_shadow_horizontal=&#8221;30vw&#8221; box_shadow_vertical=&#8221;0px&#8221; box_shadow_color=&#8221;gcid-primary-color&#8221; global_colors_info=&#8221;{%22gcid-primary-color%22:%91%22box_shadow_color%22%93}&#8221;][et_pb_column type=&#8221;2_3&#8243; _builder_version=&#8221;4.27.4&#8243; _module_preset=&#8221;default&#8221; custom_padding=&#8221;30px|30px|30px||true|false&#8221; custom_padding_tablet=&#8221;30px|30px|30px||true|false&#8221; custom_padding_phone=&#8221;20px|20px|20px||true|false&#8221; custom_padding_last_edited=&#8221;on|phone&#8221; global_colors_info=&#8221;{}&#8221;][et_pb_heading title=&#8221;K\u00e9szen \u00e1llsz a felt\u00f6lt\u0151d\u00e9sre?&#8221; _builder_version=&#8221;4.27.4&#8243; _module_preset=&#8221;0f467690-baf5-477f-9247-3e48c9f2e772&#8243; title_text_color=&#8221;#FFFFFF&#8221; custom_margin=&#8221;||0px||false|false&#8221; global_colors_info=&#8221;{}&#8221;][\/et_pb_heading][et_pb_text _builder_version=&#8221;4.27.4&#8243; _module_preset=&#8221;4b16c690-7051-4d90-a16e-5b269ae769b7&#8243; custom_padding=&#8221;||0px|||&#8221; global_colors_info=&#8221;{}&#8221;]<\/p>\n<p>A rohan\u00f3 h\u00e9tk\u00f6znapokban tested \u00e9s lelked is elf\u00e1rad. Az \u00fcl\u0151munka, a stressz, a folyamatos p\u00f6rg\u00e9s mind nyomot hagynak rajtad izomfesz\u00fclts\u00e9g, h\u00e1tf\u00e1j\u00e1s vagy egyszer\u0171en csak kimer\u00fclts\u00e9g form\u00e1j\u00e1ban.<\/p>\n<p>[\/et_pb_text][\/et_pb_column][et_pb_column type=&#8221;1_3&#8243; _builder_version=&#8221;4.27.4&#8243; _module_preset=&#8221;default&#8221; background_color=&#8221;gcid-primary-color&#8221; custom_padding=&#8221;30px|30px|30px|30px|true|true&#8221; custom_padding_tablet=&#8221;30px|30px|30px|30px|true|true&#8221; custom_padding_phone=&#8221;20px|20px|20px|20px|true|true&#8221; custom_padding_last_edited=&#8221;on|tablet&#8221; global_colors_info=&#8221;{%22gcid-primary-color%22:%91%22background_color%22%93}&#8221;][et_pb_button button_url=&#8221;https:\/\/molcsinamassage.hu\/index.php\/szolgaltatasok-es-arak\/&#8221; button_text=&#8221;SZOLG\u00c1LTAT\u00c1SOK&#8221; button_alignment=&#8221;center&#8221; _builder_version=&#8221;4.27.4&#8243; _module_preset=&#8221;14204164-0edf-4591-905c-bd80a84cff2b&#8221; button_text_size=&#8221;22px&#8221; button_border_width=&#8221;3px&#8221; button_border_color=&#8221;#000000&#8243; global_colors_info=&#8221;{}&#8221;][\/et_pb_button][\/et_pb_column][\/et_pb_row][\/et_pb_section][et_pb_section fb_built=&#8221;1&#8243; admin_label=&#8221;About&#8221; _builder_version=&#8221;4.27.4&#8243; _module_preset=&#8221;default&#8221; collapsed=&#8221;on&#8221; global_colors_info=&#8221;{}&#8221;][et_pb_row column_structure=&#8221;1_2,1_2&#8243; _builder_version=&#8221;4.27.4&#8243; _module_preset=&#8221;default&#8221; global_colors_info=&#8221;{}&#8221;][et_pb_column type=&#8221;1_2&#8243; _builder_version=&#8221;4.27.4&#8243; _module_preset=&#8221;default&#8221; global_colors_info=&#8221;{}&#8221;][et_pb_image src=&#8221;https:\/\/molcsinamassage.hu\/wp-content\/uploads\/2025\/09\/image0-2-scaled-e1757425122905.jpeg&#8221; title_text=&#8221;image0 (2)&#8221; _builder_version=&#8221;4.27.4&#8243; _module_preset=&#8221;default&#8221; global_colors_info=&#8221;{}&#8221;][\/et_pb_image][\/et_pb_column][et_pb_column type=&#8221;1_2&#8243; _builder_version=&#8221;4.27.4&#8243; _module_preset=&#8221;default&#8221; custom_padding=&#8221;30px||||false|false&#8221; custom_padding_tablet=&#8221;0px||||false|false&#8221; custom_padding_phone=&#8221;0px||||false|false&#8221; custom_padding_last_edited=&#8221;on|desktop&#8221; global_colors_info=&#8221;{}&#8221;][et_pb_heading title=&#8221;R\u00d3LAM&#8221; _builder_version=&#8221;4.27.4&#8243; _module_preset=&#8221;e186b33a-a148-4835-b9d8-c840de05de08&#8243; global_colors_info=&#8221;{}&#8221;][\/et_pb_heading][et_pb_heading title=&#8221;Szia, a te massz\u0151r\u00f6d leszek!&#8221; _builder_version=&#8221;4.27.4&#8243; _module_preset=&#8221;388dffbf-e08a-484d-a59d-bcbdcc2c3531&#8243; custom_margin=&#8221;||10px||false|false&#8221; global_colors_info=&#8221;{}&#8221;][\/et_pb_heading][et_pb_text _builder_version=&#8221;4.27.4&#8243; _module_preset=&#8221;de854b54-3b74-47fc-8dc5-52a7568358d8&#8243; global_colors_info=&#8221;{}&#8221;]<\/p>\n<p>A nevem Moln\u00e1r Csilla, \u00e9s a Molcsina Massage meg\u00e1lmod\u00f3ja vagyok. <span>T\u00f6bb mint <\/span><span>7 \u00e9ve dolgozom massz\u0151rk\u00e9nt<\/span><span>, ez id\u0151 alatt pedig rengeteg tapasztalatot szereztem \u00e9s sz\u00e1mos embernek seg\u00edtettem a testi-lelki felt\u00f6lt\u0151d\u00e9sben. <\/span><\/p>\n<p><span>M\u00e1r az els\u0151 pillanatt\u00f3l kezdve tudtam, hogy a massz\u00e1zs nem csup\u00e1n egy szakma sz\u00e1momra, hanem\u00a0<\/span><span>hivat\u00e1s \u00e9s \u00e9letforma<\/span><span>. Hiszek abban, hogy az \u00e9rint\u00e9s gy\u00f3gy\u00edt\u00f3 erej\u0171: oldja a fesz\u00fclts\u00e9get, harm\u00f3ni\u00e1t teremt \u00e9s seg\u00edt visszatal\u00e1lni \u00f6nmagunkhoz.<\/span><\/p>\n<p><span><\/span><\/p>\n<p>&nbsp;<\/p>\n<p>[\/et_pb_text][et_pb_button button_url=&#8221;https:\/\/molcsinamassage.hu\/index.php\/rolam\/&#8221; button_text=&#8221;TOV\u00c1BB OLVASOM&#8221; _builder_version=&#8221;4.27.4&#8243; _module_preset=&#8221;8c93e6c9-23ae-4ce7-a77a-47f87237d65e&#8221; global_colors_info=&#8221;{}&#8221;][\/et_pb_button][\/et_pb_column][\/et_pb_row][\/et_pb_section][et_pb_section fb_built=&#8221;1&#8243; admin_label=&#8221;Services&#8221; _builder_version=&#8221;4.27.4&#8243; _module_preset=&#8221;default&#8221; collapsed=&#8221;on&#8221; global_colors_info=&#8221;{}&#8221;][et_pb_row _builder_version=&#8221;4.27.4&#8243; _module_preset=&#8221;default&#8221; global_colors_info=&#8221;{}&#8221;][et_pb_column type=&#8221;4_4&#8243; _builder_version=&#8221;4.27.4&#8243; _module_preset=&#8221;default&#8221; global_colors_info=&#8221;{}&#8221;][et_pb_heading title=&#8221;Mi\u00e9rt v\u00e1lassz engem \u00e9s a szalonom?&#8221; _builder_version=&#8221;4.27.4&#8243; _module_preset=&#8221;388dffbf-e08a-484d-a59d-bcbdcc2c3531&#8243; title_text_align=&#8221;center&#8221; global_colors_info=&#8221;{}&#8221;][\/et_pb_heading][\/et_pb_column][\/et_pb_row][et_pb_row column_structure=&#8221;1_3,1_3,1_3&#8243; use_custom_gutter=&#8221;on&#8221; gutter_width=&#8221;1&#8243; make_equal=&#8221;on&#8221; _builder_version=&#8221;4.27.4&#8243; _module_preset=&#8221;default&#8221; custom_padding=&#8221;0px||0px||true|false&#8221; border_width_all=&#8221;1px&#8221; border_color_all=&#8221;gcid-primary-color&#8221; global_colors_info=&#8221;{%22gcid-primary-color%22:%91%22border_color_all%22%93}&#8221;][et_pb_column type=&#8221;1_3&#8243; _builder_version=&#8221;4.27.4&#8243; _module_preset=&#8221;default&#8221; border_color_all=&#8221;gcid-primary-color&#8221; border_width_right=&#8221;1px&#8221; border_width_right_tablet=&#8221;0px&#8221; border_width_right_phone=&#8221;0px&#8221; border_width_right_last_edited=&#8221;on|tablet&#8221; border_width_bottom_tablet=&#8221;1px&#8221; border_width_bottom_phone=&#8221;1px&#8221; border_width_bottom_last_edited=&#8221;on|tablet&#8221; global_colors_info=&#8221;{%22gcid-primary-color%22:%91%22border_color_all%22%93}&#8221;][et_pb_cta title=&#8221;Szem\u00e9lyre szabott kezel\u00e9sek&#8221; button_url=&#8221;https:\/\/molcsinamassage.hu\/index.php\/szolgaltatasok-es-arak\/&#8221; button_text=&#8221;Szolg\u00e1ltat\u00e1sok&#8221; _builder_version=&#8221;4.27.4&#8243; _module_preset=&#8221;db567ccf-d688-43a6-998d-4dbee776ab1f&#8221; link_option_url=&#8221;https:\/\/molcsinamassage.hu\/index.php\/szolgaltatasok-es-arak\/&#8221; global_colors_info=&#8221;{}&#8221;]<\/p>\n<p><span>mindig megbesz\u00e9lj\u00fck, mire van sz\u00fcks\u00e9ged, \u00edgy az adott napon hozz\u00e1d igaz\u00edtom a massz\u00e1zst.<\/span><\/p>\n<p>[\/et_pb_cta][\/et_pb_column][et_pb_column type=&#8221;1_3&#8243; _builder_version=&#8221;4.27.4&#8243; _module_preset=&#8221;default&#8221; border_color_all=&#8221;gcid-primary-color&#8221; border_width_right=&#8221;1px&#8221; border_width_right_tablet=&#8221;0px&#8221; border_width_right_phone=&#8221;0px&#8221; border_width_right_last_edited=&#8221;on|tablet&#8221; border_width_bottom_tablet=&#8221;1px&#8221; border_width_bottom_phone=&#8221;1px&#8221; border_width_bottom_last_edited=&#8221;on|tablet&#8221; global_colors_info=&#8221;{%22gcid-primary-color%22:%91%22border_color_all%22%93}&#8221;][et_pb_cta title=&#8221;T\u00f6bbf\u00e9le massz\u00e1zs k\u00f6z\u00fcl v\u00e1laszthatsz&#8221; button_url=&#8221;https:\/\/molcsinamassage.hu\/index.php\/szolgaltatasok-es-arak\/&#8221; button_text=&#8221;Szolg\u00e1ltat\u00e1sok&#8221; _builder_version=&#8221;4.27.4&#8243; _module_preset=&#8221;db567ccf-d688-43a6-998d-4dbee776ab1f&#8221; custom_margin=&#8221;||||false|false&#8221; link_option_url=&#8221;https:\/\/molcsinamassage.hu\/index.php\/szolgaltatasok-es-arak\/&#8221; locked=&#8221;off&#8221; global_colors_info=&#8221;{}&#8221;]<\/p>\n<p><span>a relax\u00e1l\u00f3,wellness, friss\u00edt\u0151 kezel\u00e9sekt\u0151l kezdve a sport- vagy speci\u00e1lis technik\u00e1kig.<\/span><\/p>\n<p>[\/et_pb_cta][\/et_pb_column][et_pb_column type=&#8221;1_3&#8243; _builder_version=&#8221;4.27.4&#8243; _module_preset=&#8221;default&#8221; global_colors_info=&#8221;{}&#8221;][et_pb_cta title=&#8221;Figyelek a r\u00e9szletekre&#8221; button_url=&#8221;https:\/\/molcsinamassage.hu\/index.php\/szolgaltatasok-es-arak\/&#8221; button_text=&#8221;Szolg\u00e1ltat\u00e1sok&#8221; _builder_version=&#8221;4.27.4&#8243; _module_preset=&#8221;db567ccf-d688-43a6-998d-4dbee776ab1f&#8221; link_option_url=&#8221;https:\/\/molcsinamassage.hu\/index.php\/szolgaltatasok-es-arak\/&#8221; locked=&#8221;off&#8221; global_colors_info=&#8221;{}&#8221;]<\/p>\n<p><span>a tisztas\u00e1g, a nyugalom \u00e9s a k\u00e9nyelem n\u00e1lam els\u0151dleges.<\/span><\/p>\n<p>[\/et_pb_cta][\/et_pb_column][\/et_pb_row][et_pb_row column_structure=&#8221;1_3,1_3,1_3&#8243; use_custom_gutter=&#8221;on&#8221; gutter_width=&#8221;1&#8243; make_equal=&#8221;on&#8221; _builder_version=&#8221;4.27.4&#8243; _module_preset=&#8221;default&#8221; custom_padding=&#8221;0px||0px||true|false&#8221; border_width_all=&#8221;1px&#8221; border_color_all=&#8221;gcid-primary-color&#8221; global_colors_info=&#8221;{%22gcid-primary-color%22:%91%22border_color_all%22%93}&#8221;][et_pb_column type=&#8221;1_3&#8243; _builder_version=&#8221;4.27.4&#8243; _module_preset=&#8221;default&#8221; border_color_all=&#8221;gcid-primary-color&#8221; border_width_right=&#8221;1px&#8221; border_width_right_tablet=&#8221;0px&#8221; border_width_right_phone=&#8221;0px&#8221; border_width_right_last_edited=&#8221;on|tablet&#8221; border_width_bottom_tablet=&#8221;1px&#8221; border_width_bottom_phone=&#8221;1px&#8221; border_width_bottom_last_edited=&#8221;on|tablet&#8221; global_colors_info=&#8221;{%22gcid-primary-color%22:%91%22border_color_all%22%93}&#8221;][et_pb_cta title=&#8221;Priv\u00e1t, csendes k\u00f6rnyezet&#8221; button_url=&#8221;https:\/\/molcsinamassage.hu\/index.php\/szolgaltatasok-es-arak\/&#8221; button_text=&#8221;Szolg\u00e1ltat\u00e1sok&#8221; _builder_version=&#8221;4.27.4&#8243; _module_preset=&#8221;db567ccf-d688-43a6-998d-4dbee776ab1f&#8221; link_option_url=&#8221;https:\/\/molcsinamassage.hu\/index.php\/szolgaltatasok-es-arak\/&#8221; global_colors_info=&#8221;{}&#8221;]<\/p>\n<p><span>egyszerre csak egy vend\u00e9get fogadok, \u00edgy teljes nyugalomban \u00e9lvezheted a kezel\u00e9st.<\/span><\/p>\n<p>[\/et_pb_cta][\/et_pb_column][et_pb_column type=&#8221;1_3&#8243; _builder_version=&#8221;4.27.4&#8243; _module_preset=&#8221;default&#8221; border_color_all=&#8221;gcid-primary-color&#8221; border_width_right=&#8221;1px&#8221; border_width_right_tablet=&#8221;0px&#8221; border_width_right_phone=&#8221;0px&#8221; border_width_right_last_edited=&#8221;on|tablet&#8221; border_width_bottom_tablet=&#8221;1px&#8221; border_width_bottom_phone=&#8221;1px&#8221; border_width_bottom_last_edited=&#8221;on|tablet&#8221; global_colors_info=&#8221;{%22gcid-primary-color%22:%91%22border_color_all%22%93}&#8221;][et_pb_cta title=&#8221;Luxus szalon hangulat&#8221; button_url=&#8221;https:\/\/molcsinamassage.hu\/index.php\/szolgaltatasok-es-arak\/&#8221; button_text=&#8221;Szolg\u00e1ltat\u00e1sok&#8221; _builder_version=&#8221;4.27.4&#8243; _module_preset=&#8221;db567ccf-d688-43a6-998d-4dbee776ab1f&#8221; custom_margin=&#8221;||||false|false&#8221; link_option_url=&#8221;https:\/\/molcsinamassage.hu\/index.php\/szolgaltatasok-es-arak\/&#8221; locked=&#8221;off&#8221; global_colors_info=&#8221;{}&#8221;]<\/p>\n<p><span>gondosan kialak\u00edtott, eleg\u00e1ns t\u00e9r v\u00e1r, ahol halk zene, kellemes illatok, gyertyaf\u00e9ny \u00e9s meleg f\u00e9nyek seg\u00edtik a teljes ellazul\u00e1st. Minden apr\u00f3 r\u00e9szlet az\u00e9rt van, hogy m\u00e1r az ajt\u00f3n bel\u00e9pve otthonosan \u00e9s biztons\u00e1gban \u00e9rezd magad.<\/span><\/p>\n<p>[\/et_pb_cta][\/et_pb_column][et_pb_column type=&#8221;1_3&#8243; _builder_version=&#8221;4.27.4&#8243; _module_preset=&#8221;default&#8221; global_colors_info=&#8221;{}&#8221;][et_pb_cta title=&#8221;K\u00e9t k\u00fcl\u00f6n massz\u00e1zs-szoba&#8221; button_url=&#8221;https:\/\/molcsinamassage.hu\/index.php\/szolgaltatasok-es-arak\/&#8221; button_text=&#8221;Szolg\u00e1ltat\u00e1sok&#8221; _builder_version=&#8221;4.27.4&#8243; _module_preset=&#8221;db567ccf-d688-43a6-998d-4dbee776ab1f&#8221; link_option_url=&#8221;https:\/\/molcsinamassage.hu\/index.php\/szolgaltatasok-es-arak\/&#8221; locked=&#8221;off&#8221; global_colors_info=&#8221;{}&#8221;]<\/p>\n<p><span>szalonomban k\u00e9t helyis\u00e9g \u00e1ll rendelkez\u00e9sre: az egyik\u00a0<\/span><strong>tatamival felszerelt<\/strong><span>, amely a keleti technik\u00e1khoz ide\u00e1lis, a m\u00e1sik pedig\u00a0<\/span><strong>massz\u00e1zs\u00e1ggyal<\/strong><span>, a klasszikus \u00e9s relax\u00e1l\u00f3 massz\u00e1zsokhoz. \u00cdgy mindig a megfelel\u0151 k\u00f6rnyezetben, a v\u00e1lasztott massz\u00e1zst\u00edpushoz ill\u0151en zajlik a kezel\u00e9s<\/span><\/p>\n<p>[\/et_pb_cta][\/et_pb_column][\/et_pb_row][et_pb_row use_custom_gutter=&#8221;on&#8221; gutter_width=&#8221;1&#8243; make_equal=&#8221;on&#8221; _builder_version=&#8221;4.27.4&#8243; _module_preset=&#8221;default&#8221; custom_padding=&#8221;0px||0px||true|false&#8221; border_width_all=&#8221;1px&#8221; border_color_all=&#8221;gcid-primary-color&#8221; global_colors_info=&#8221;{%22gcid-primary-color%22:%91%22border_color_all%22%93}&#8221;][et_pb_column type=&#8221;4_4&#8243; _builder_version=&#8221;4.27.4&#8243; _module_preset=&#8221;default&#8221; border_color_all=&#8221;gcid-primary-color&#8221; border_width_right=&#8221;1px&#8221; border_width_right_tablet=&#8221;0px&#8221; border_width_right_phone=&#8221;0px&#8221; border_width_right_last_edited=&#8221;on|tablet&#8221; border_width_bottom_tablet=&#8221;1px&#8221; border_width_bottom_phone=&#8221;1px&#8221; border_width_bottom_last_edited=&#8221;on|tablet&#8221; global_colors_info=&#8221;{%22gcid-primary-color%22:%91%22border_color_all%22%93}&#8221;][et_pb_cta title=&#8221;Rugalmass\u00e1g&#8221; button_url=&#8221;https:\/\/molcsinamassage.hu\/index.php\/szolgaltatasok-es-arak\/&#8221; button_text=&#8221;Szolg\u00e1ltat\u00e1sok&#8221; _builder_version=&#8221;4.27.4&#8243; _module_preset=&#8221;db567ccf-d688-43a6-998d-4dbee776ab1f&#8221; link_option_url=&#8221;https:\/\/molcsinamassage.hu\/index.php\/szolgaltatasok-es-arak\/&#8221; global_colors_info=&#8221;{}&#8221;]<\/p>\n<p><span>Reggel, este \u00e9s h\u00e9tv\u00e9g\u00e9n is tudsz hozz\u00e1m foglalni, hogy mindig tal\u00e1ljunk sz\u00e1modra megfelel\u0151 id\u0151pontot.<\/span><\/p>\n<p>[\/et_pb_cta][\/et_pb_column][\/et_pb_row][et_pb_row _builder_version=&#8221;4.27.4&#8243; _module_preset=&#8221;default&#8221; global_colors_info=&#8221;{}&#8221;][et_pb_column type=&#8221;4_4&#8243; _builder_version=&#8221;4.27.4&#8243; _module_preset=&#8221;default&#8221; global_colors_info=&#8221;{}&#8221;][et_pb_text _builder_version=&#8221;4.27.4&#8243; _module_preset=&#8221;default&#8221; global_colors_info=&#8221;{}&#8221;]<\/p>\n<h3 style=\"text-align: center;\"><span>A massz\u00e1zs el\u0151tt \u00e9s ut\u00e1n lehet\u0151s\u00e9ged van zuhanyozni, a kezel\u00e9s v\u00e9g\u00e9n pedig friss\u00edt\u0151 vizet vagy te\u00e1t k\u00edn\u00e1lok, hogy k\u00e9nyelmesen z\u00e1rd a n\u00e1lam t\u00f6lt\u00f6tt id\u0151t.<\/span><\/h3>\n<p>[\/et_pb_text][\/et_pb_column][\/et_pb_row][\/et_pb_section][et_pb_section fb_built=&#8221;1&#8243; admin_label=&#8221;Photo Gallery Title&#8221; _builder_version=&#8221;4.27.4&#8243; _module_preset=&#8221;default&#8221; custom_padding=&#8221;||0px|||&#8221; collapsed=&#8221;on&#8221; global_colors_info=&#8221;{}&#8221;][et_pb_row column_structure=&#8221;1_2,1_2&#8243; _builder_version=&#8221;4.27.4&#8243; _module_preset=&#8221;default&#8221; global_colors_info=&#8221;{}&#8221;][et_pb_column type=&#8221;1_2&#8243; _builder_version=&#8221;4.27.4&#8243; _module_preset=&#8221;default&#8221; global_colors_info=&#8221;{}&#8221;][et_pb_heading title=&#8221;A SZALON&#8221; _builder_version=&#8221;4.27.4&#8243; _module_preset=&#8221;e186b33a-a148-4835-b9d8-c840de05de08&#8243; global_colors_info=&#8221;{}&#8221;][\/et_pb_heading][et_pb_heading title=&#8221;GAL\u00c9RIA&#8221; _builder_version=&#8221;4.27.4&#8243; _module_preset=&#8221;388dffbf-e08a-484d-a59d-bcbdcc2c3531&#8243; hover_enabled=&#8221;0&#8243; global_colors_info=&#8221;{}&#8221; sticky_enabled=&#8221;0&#8243;][\/et_pb_heading][\/et_pb_column][et_pb_column type=&#8221;1_2&#8243; _builder_version=&#8221;4.27.4&#8243; _module_preset=&#8221;default&#8221; global_colors_info=&#8221;{}&#8221;][\/et_pb_column][\/et_pb_row][\/et_pb_section][et_pb_section fb_built=&#8221;1&#8243; make_equal=&#8221;on&#8221; use_custom_gutter=&#8221;on&#8221; gutter_width=&#8221;2&#8243; specialty=&#8221;on&#8221; bg_img_2=&#8221;https:\/\/molcsinamassage.hu\/wp-content\/uploads\/2025\/09\/image4.jpeg&#8221; admin_label=&#8221;Photo Gallery&#8221; _builder_version=&#8221;4.27.4&#8243; _module_preset=&#8221;default&#8221; background_color=&#8221;gcid-f16e81e6-bca5-4454-9ebc-f07f22d69319&#8243; custom_padding=&#8221;0px||||false|false&#8221; collapsed=&#8221;on&#8221; global_colors_info=&#8221;{%22gcid-f16e81e6-bca5-4454-9ebc-f07f22d69319%22:%91%22background_color%22%93}&#8221;][et_pb_column type=&#8221;1_2&#8243; specialty_columns=&#8221;2&#8243; _builder_version=&#8221;4.16&#8243; custom_padding=&#8221;|||&#8221; global_colors_info=&#8221;{}&#8221; custom_padding__hover=&#8221;|||&#8221;][et_pb_row_inner column_structure=&#8221;1_2,1_2&#8243; use_custom_gutter=&#8221;on&#8221; gutter_width=&#8221;2&#8243; _builder_version=&#8221;4.27.4&#8243; _module_preset=&#8221;default&#8221; custom_padding=&#8221;0px||0px||true|false&#8221; global_colors_info=&#8221;{}&#8221;][et_pb_column_inner type=&#8221;1_2&#8243; saved_specialty_column_type=&#8221;1_2&#8243; _builder_version=&#8221;4.27.4&#8243; _module_preset=&#8221;default&#8221; global_colors_info=&#8221;{}&#8221;][et_pb_image src=&#8221;https:\/\/molcsinamassage.hu\/wp-content\/uploads\/2025\/09\/image3.jpeg&#8221; title_text=&#8221;image3&#8243; _builder_version=&#8221;4.27.4&#8243; _module_preset=&#8221;default&#8221; global_colors_info=&#8221;{%22gcid-secondary-color%22:%91%22overlay_icon_color%22%93}&#8221;][\/et_pb_image][\/et_pb_column_inner][et_pb_column_inner type=&#8221;1_2&#8243; saved_specialty_column_type=&#8221;1_2&#8243; _builder_version=&#8221;4.27.4&#8243; _module_preset=&#8221;default&#8221; global_colors_info=&#8221;{}&#8221;][et_pb_image src=&#8221;https:\/\/molcsinamassage.hu\/wp-content\/uploads\/2025\/09\/image0.jpeg&#8221; title_text=&#8221;image0&#8243; _builder_version=&#8221;4.27.4&#8243; _module_preset=&#8221;default&#8221; locked=&#8221;off&#8221; global_colors_info=&#8221;{%22gcid-secondary-color%22:%91%22overlay_icon_color%22,%22overlay_icon_color%22%93}&#8221;][\/et_pb_image][\/et_pb_column_inner][\/et_pb_row_inner][et_pb_row_inner _builder_version=&#8221;4.27.4&#8243; _module_preset=&#8221;default&#8221; custom_padding=&#8221;||0px||false|false&#8221; global_colors_info=&#8221;{}&#8221;][et_pb_column_inner saved_specialty_column_type=&#8221;1_2&#8243; _builder_version=&#8221;4.27.4&#8243; _module_preset=&#8221;default&#8221; global_colors_info=&#8221;{}&#8221;][et_pb_image src=&#8221;https:\/\/molcsinamassage.hu\/wp-content\/uploads\/2025\/09\/image1.jpeg&#8221; title_text=&#8221;image1&#8243; _builder_version=&#8221;4.27.4&#8243; _module_preset=&#8221;default&#8221; locked=&#8221;off&#8221; global_colors_info=&#8221;{%22gcid-secondary-color%22:%91%22overlay_icon_color%22,%22overlay_icon_color%22%93}&#8221;][\/et_pb_image][\/et_pb_column_inner][\/et_pb_row_inner][\/et_pb_column][et_pb_column type=&#8221;1_2&#8243; _builder_version=&#8221;4.16&#8243; custom_padding=&#8221;|||&#8221; global_colors_info=&#8221;{}&#8221; custom_padding__hover=&#8221;|||&#8221;][et_pb_divider show_divider=&#8221;off&#8221; _builder_version=&#8221;4.27.4&#8243; _module_preset=&#8221;default&#8221; height_tablet=&#8221;40vw&#8221; height_phone=&#8221;40vw&#8221; height_last_edited=&#8221;on|phone&#8221; global_colors_info=&#8221;{}&#8221;][\/et_pb_divider][\/et_pb_column][\/et_pb_section]<\/p>\n","protected":false},"excerpt":{"rendered":"<p>Ha olyan helyet keresel, ahol\u00a0minden r\u00f3lad sz\u00f3l, ahol teljes figyelmet, nyugalmat \u00e9s szak\u00e9rtelmet kapsz, akkor j\u00f3 helyen j\u00e1rsz. A rohan\u00f3 h\u00e9tk\u00f6znapokban tested \u00e9s lelked is elf\u00e1rad. Az \u00fcl\u0151munka, a stressz, a folyamatos p\u00f6rg\u00e9s mind nyomot hagynak rajtad izomfesz\u00fclts\u00e9g, h\u00e1tf\u00e1j\u00e1s vagy egyszer\u0171en csak kimer\u00fclts\u00e9g form\u00e1j\u00e1ban.A nevem Moln\u00e1r Csilla, \u00e9s a Molcsina Massage meg\u00e1lmod\u00f3ja vagyok. T\u00f6bb mint [&hellip;]<\/p>\n","protected":false},"author":1,"featured_media":0,"parent":0,"menu_order":0,"comment_status":"closed","ping_status":"closed","template":"","meta":{"_et_pb_use_builder":"on","_et_pb_old_content":"","_et_gb_content_width":"","footnotes":""},"class_list":["post-8","page","type-page","status-publish","hentry"],"_links":{"self":[{"href":"https:\/\/molcsinamassage.hu\/index.php\/wp-json\/wp\/v2\/pages\/8","targetHints":{"allow":["GET"]}}],"collection":[{"href":"https:\/\/molcsinamassage.hu\/index.php\/wp-json\/wp\/v2\/pages"}],"about":[{"href":"https:\/\/molcsinamassage.hu\/index.php\/wp-json\/wp\/v2\/types\/page"}],"author":[{"embeddable":true,"href":"https:\/\/molcsinamassage.hu\/index.php\/wp-json\/wp\/v2\/users\/1"}],"replies":[{"embeddable":true,"href":"https:\/\/molcsinamassage.hu\/index.php\/wp-json\/wp\/v2\/comments?post=8"}],"version-history":[{"count":24,"href":"https:\/\/molcsinamassage.hu\/index.php\/wp-json\/wp\/v2\/pages\/8\/revisions"}],"predecessor-version":[{"id":174,"href":"https:\/\/molcsinamassage.hu\/index.php\/wp-json\/wp\/v2\/pages\/8\/revisions\/174"}],"wp:attachment":[{"href":"https:\/\/molcsinamassage.hu\/index.php\/wp-json\/wp\/v2\/media?parent=8"}],"curies":[{"name":"wp","href":"https:\/\/api.w.org\/{rel}","templated":true}]}}