{"id":14,"date":"2025-09-08T18:03:54","date_gmt":"2025-09-08T18:03:54","guid":{"rendered":"https:\/\/molcsinamassage.hu\/?page_id=14"},"modified":"2025-09-12T14:39:22","modified_gmt":"2025-09-12T14:39:22","slug":"kapcsolat","status":"publish","type":"page","link":"https:\/\/molcsinamassage.hu\/index.php\/kapcsolat\/","title":{"rendered":"Kapcsolat"},"content":{"rendered":"<p>[et_pb_section fb_built=&#8221;1&#8243; admin_label=&#8221;Contact&#8221; _builder_version=&#8221;4.27.4&#8243; _module_preset=&#8221;default&#8221; collapsed=&#8221;on&#8221; global_colors_info=&#8221;{}&#8221;][et_pb_row column_structure=&#8221;2_3,1_3&#8243; _builder_version=&#8221;4.27.4&#8243; _module_preset=&#8221;default&#8221; global_colors_info=&#8221;{}&#8221;][et_pb_column type=&#8221;2_3&#8243; _builder_version=&#8221;4.27.4&#8243; _module_preset=&#8221;default&#8221; global_colors_info=&#8221;{}&#8221;][et_pb_image src=&#8221;https:\/\/molcsinamassage.hu\/wp-content\/uploads\/2025\/09\/wave-black.png&#8221; title_text=&#8221;wave-black&#8221; _builder_version=&#8221;4.27.4&#8243; _module_preset=&#8221;default&#8221; max_width=&#8221;110px&#8221; locked=&#8221;off&#8221; global_colors_info=&#8221;{}&#8221;][\/et_pb_image][et_pb_heading title=&#8221;Nyitvatart\u00e1s&#8221; _builder_version=&#8221;4.27.4&#8243; _module_preset=&#8221;20a17a15-42d2-4c86-9330-d630aae58484&#8243; title_font_size=&#8221;34px&#8221; custom_margin=&#8221;||0px||false|false&#8221; global_colors_info=&#8221;{}&#8221;][\/et_pb_heading][et_pb_text _builder_version=&#8221;4.27.4&#8243; _module_preset=&#8221;ff54462f-4680-4ee5-a344-7609f30b5c6a&#8221; global_colors_info=&#8221;{}&#8221;]<\/p>\n<p><span>Nyitvatart\u00e1som rugalmas \u00e9s v\u00e1ltoz\u00f3, minden esetben a vend\u00e9geimhez igazodom. <\/span><span>Amennyiben 3\u20134 nappal el\u0151re bejelentkezel, lehet\u0151s\u00e9ged van id\u0151pontot foglalni:<\/span><\/p>\n<ul>\n<li><span>kora reggeli \u00f3r\u00e1kt\u00f3l eg\u00e9szen estig,<\/span><\/li>\n<li>h\u00e9tv\u00e9g\u00e9n is.<\/li>\n<\/ul>\n<p><span>\u00cdgy biztosan megtal\u00e1ljuk a sz\u00e1modra legk\u00e9nyelmesebb id\u0151pontot.<\/span><\/p>\n<p>[\/et_pb_text][et_pb_button button_url=&#8221;https:\/\/www.google.com\/maps\/place\/Budapest,+Paulay+Ede+u.+15,+1061\/@47.5000412,19.0522672,588m\/data=!3m2!1e3!4b1!4m6!3m5!1s0x4741dc6a4f4c486b:0x3edd44be0cee071d!8m2!3d47.5000413!4d19.0571381!16s%2Fg%2F11nnv8j72z?entry=ttu&#038;g_ep=EgoyMDI1MDkwOC4wIKXMDSoASAFQAw%3D%3D&#8221; url_new_window=&#8221;on&#8221; button_text=&#8221;\u00datvonaltervez\u00e9s&#8221; _builder_version=&#8221;4.27.4&#8243; _module_preset=&#8221;default&#8221; global_colors_info=&#8221;{}&#8221;][\/et_pb_button][\/et_pb_column][et_pb_column type=&#8221;1_3&#8243; _builder_version=&#8221;4.27.4&#8243; _module_preset=&#8221;default&#8221; global_colors_info=&#8221;{}&#8221;][et_pb_heading title=&#8221;C\u00edm&#8221; _builder_version=&#8221;4.27.4&#8243; _module_preset=&#8221;20a17a15-42d2-4c86-9330-d630aae58484&#8243; custom_margin=&#8221;||0px||false|false&#8221; locked=&#8221;off&#8221; global_colors_info=&#8221;{}&#8221;][\/et_pb_heading][et_pb_text _builder_version=&#8221;4.27.4&#8243; _module_preset=&#8221;ff54462f-4680-4ee5-a344-7609f30b5c6a&#8221; locked=&#8221;off&#8221; global_colors_info=&#8221;{}&#8221;]<\/p>\n<p><span>1061 Budapest Paulay Ede utca 15.<\/span><\/p>\n<p><span>(<\/span><span>Kapucseng\u0151: 15 | <\/span><span>1. emelet)<\/span><\/p>\n<p>[\/et_pb_text][et_pb_heading title=&#8221;Bejelentkez\u00e9s kiz\u00e1r\u00f3lag \u00fczenetben, Viberen vagy Instagramon.&#8221; _builder_version=&#8221;4.27.4&#8243; _module_preset=&#8221;20a17a15-42d2-4c86-9330-d630aae58484&#8243; custom_margin=&#8221;||0px||false|false&#8221; locked=&#8221;off&#8221; global_colors_info=&#8221;{}&#8221;][\/et_pb_heading][et_pb_text _builder_version=&#8221;4.27.4&#8243; _module_preset=&#8221;ff54462f-4680-4ee5-a344-7609f30b5c6a&#8221; custom_margin=&#8221;||7px|||&#8221; locked=&#8221;off&#8221; global_colors_info=&#8221;{}&#8221;]<\/p>\n<p><span>+36 30 507 29 87<\/span><\/p>\n<p>[\/et_pb_text][et_pb_social_media_follow _builder_version=&#8221;4.27.4&#8243; _module_preset=&#8221;default&#8221; global_colors_info=&#8221;{}&#8221;][et_pb_social_media_follow_network social_network=&#8221;instagram&#8221; url=&#8221;https:\/\/www.instagram.com\/massage.molcsi\/?hl=hu&#8221; _builder_version=&#8221;4.27.4&#8243; _module_preset=&#8221;default&#8221; background_color=&#8221;#ea2c59&#8243; global_colors_info=&#8221;{}&#8221; follow_button=&#8221;off&#8221; url_new_window=&#8221;on&#8221;]instagram[\/et_pb_social_media_follow_network][\/et_pb_social_media_follow][et_pb_text _builder_version=&#8221;4.27.4&#8243; _module_preset=&#8221;ff54462f-4680-4ee5-a344-7609f30b5c6a&#8221; custom_margin=&#8221;-38px||7px|||&#8221; locked=&#8221;off&#8221; global_colors_info=&#8221;{}&#8221;]<\/p>\n<p><span>@massage.molcsi<\/span><\/p>\n<p>[\/et_pb_text][et_pb_heading title=&#8221;Parkol\u00e1s&#8221; _builder_version=&#8221;4.27.4&#8243; _module_preset=&#8221;20a17a15-42d2-4c86-9330-d630aae58484&#8243; custom_margin=&#8221;||0px||false|false&#8221; locked=&#8221;off&#8221; global_colors_info=&#8221;{}&#8221;][\/et_pb_heading][et_pb_text _builder_version=&#8221;4.27.4&#8243; _module_preset=&#8221;ff54462f-4680-4ee5-a344-7609f30b5c6a&#8221; locked=&#8221;off&#8221; global_colors_info=&#8221;{}&#8221;]<\/p>\n<p><span>Az utc\u00e1ban lehets\u00e9ges, de ha m\u00e9gsem tal\u00e1lsz helyet akkor k\u00e9t m\u00e9lygar\u00e1zs is tal\u00e1lhat\u00f3 2perc s\u00e9t\u00e1ra!\u00a0<\/span><\/p>\n<p>[\/et_pb_text][\/et_pb_column][\/et_pb_row][et_pb_row _builder_version=&#8221;4.27.4&#8243; _module_preset=&#8221;default&#8221; global_colors_info=&#8221;{}&#8221;][et_pb_column type=&#8221;4_4&#8243; _builder_version=&#8221;4.27.4&#8243; _module_preset=&#8221;default&#8221; global_colors_info=&#8221;{}&#8221;][et_pb_blurb title=&#8221;Tudnival\u00f3k &#8221; use_icon=&#8221;on&#8221; font_icon=&#8221;&#x5a;||divi||400&#8243; _builder_version=&#8221;4.27.4&#8243; _module_preset=&#8221;default&#8221; global_colors_info=&#8221;{}&#8221;]<\/p>\n<p><strong>\u00c9rkez\u00e9s:<\/strong><span>\u00a0K\u00e9rlek, \u00e9rkezz pontosan a lefoglalt id\u0151pontra.\u00a0<\/span><\/p>\n<p><span> <\/span><strong>Id\u0151pontfoglal\u00e1s:<\/strong><span>\u00a0Javaslom, hogy legal\u00e1bb\u00a0<\/span><strong>3\u20134 nappal el\u0151re<\/strong><span><strong>\u00a0foglald le<\/strong> a massz\u00e1zst, mert sok vend\u00e9g keres fel, \u00edgy hamar betelnek az id\u0151pontok.<\/span><\/p>\n<p><span> <\/span><strong>Fizet\u00e9s:<\/strong><span>\u00a0A szolg\u00e1ltat\u00e1s ellen\u00e9rt\u00e9ke\u00a0<\/span><strong>k\u00e9szp\u00e9nzben vagy \u00e1tutal\u00e1ssal<\/strong><span><strong>\u00a0<\/strong>is rendezhet\u0151.<\/span><\/p>\n<p><span> <\/span><strong>Mit kell hozni?<\/strong><span>\u00a0Semmit \ud83d\ude0a N\u00e1lam minden biztos\u00edtott:\u00a0<\/span><span>papucs, t\u00f6r\u00f6lk\u00f6z\u0151, tusf\u00fcrd\u0151<\/span><span>\u00a0\u2013 minden, amire a kezel\u00e9s sor\u00e1n sz\u00fcks\u00e9ged lehet, rendelkez\u00e9sre \u00e1ll.<\/span><\/p>\n<p><span> <\/span><strong>Fontos:<\/strong><span>\u00a0N\u00e1lam\u00a0<\/span><strong>nincs szexu\u00e1lis szolg\u00e1ltat\u00e1s<\/strong><span><strong>,<\/strong> kiz\u00e1r\u00f3lag professzion\u00e1lis massz\u00e1zs!<\/span><\/p>\n<p>[\/et_pb_blurb][\/et_pb_column][\/et_pb_row][\/et_pb_section][et_pb_section fb_built=&#8221;1&#8243; fullwidth=&#8221;on&#8221; _builder_version=&#8221;4.27.4&#8243; _module_preset=&#8221;default&#8221; global_colors_info=&#8221;{}&#8221;][et_pb_fullwidth_image src=&#8221;https:\/\/molcsinamassage.hu\/wp-content\/uploads\/2025\/09\/Kepernyokep-2025-09-11-225800.png&#8221; title_text=&#8221;K\u00e9perny\u0151k\u00e9p 2025-09-11 225800&#8243; _builder_version=&#8221;4.27.4&#8243; _module_preset=&#8221;default&#8221; global_colors_info=&#8221;{}&#8221;][\/et_pb_fullwidth_image][\/et_pb_section]<\/p>\n","protected":false},"excerpt":{"rendered":"<p>Nyitvatart\u00e1som rugalmas \u00e9s v\u00e1ltoz\u00f3, minden esetben a vend\u00e9geimhez igazodom. Amennyiben 3\u20134 nappal el\u0151re bejelentkezel, lehet\u0151s\u00e9ged van id\u0151pontot foglalni: kora reggeli \u00f3r\u00e1kt\u00f3l eg\u00e9szen estig, h\u00e9tv\u00e9g\u00e9n is. \u00cdgy biztosan megtal\u00e1ljuk a sz\u00e1modra legk\u00e9nyelmesebb id\u0151pontot.1061 Budapest Paulay Ede utca 15. (Kapucseng\u0151: 15 | 1. emelet)+36 30 507 29 87@massage.molcsiAz utc\u00e1ban lehets\u00e9ges, de ha m\u00e9gsem tal\u00e1lsz helyet akkor k\u00e9t [&hellip;]<\/p>\n","protected":false},"author":1,"featured_media":0,"parent":0,"menu_order":0,"comment_status":"closed","ping_status":"closed","template":"","meta":{"_et_pb_use_builder":"on","_et_pb_old_content":"","_et_gb_content_width":"","footnotes":""},"class_list":["post-14","page","type-page","status-publish","hentry"],"_links":{"self":[{"href":"https:\/\/molcsinamassage.hu\/index.php\/wp-json\/wp\/v2\/pages\/14","targetHints":{"allow":["GET"]}}],"collection":[{"href":"https:\/\/molcsinamassage.hu\/index.php\/wp-json\/wp\/v2\/pages"}],"about":[{"href":"https:\/\/molcsinamassage.hu\/index.php\/wp-json\/wp\/v2\/types\/page"}],"author":[{"embeddable":true,"href":"https:\/\/molcsinamassage.hu\/index.php\/wp-json\/wp\/v2\/users\/1"}],"replies":[{"embeddable":true,"href":"https:\/\/molcsinamassage.hu\/index.php\/wp-json\/wp\/v2\/comments?post=14"}],"version-history":[{"count":12,"href":"https:\/\/molcsinamassage.hu\/index.php\/wp-json\/wp\/v2\/pages\/14\/revisions"}],"predecessor-version":[{"id":175,"href":"https:\/\/molcsinamassage.hu\/index.php\/wp-json\/wp\/v2\/pages\/14\/revisions\/175"}],"wp:attachment":[{"href":"https:\/\/molcsinamassage.hu\/index.php\/wp-json\/wp\/v2\/media?parent=14"}],"curies":[{"name":"wp","href":"https:\/\/api.w.org\/{rel}","templated":true}]}}